{"id":15785,"date":"2024-01-29T10:43:22","date_gmt":"2024-01-29T10:43:22","guid":{"rendered":"https:\/\/wplistingthemes.com\/luxusdemocontent\/?page_id=15785"},"modified":"2024-11-07T20:36:48","modified_gmt":"2024-11-08T01:36:48","slug":"about-us","status":"publish","type":"page","link":"https:\/\/buypropertiesmexico.com\/en\/about-us\/","title":{"rendered":"About Us"},"content":{"rendered":"<div data-elementor-type=\"wp-page\" data-elementor-id=\"15785\" class=\"elementor elementor-15785\" data-elementor-post-type=\"page\">\n\t\t\t\t<div class=\"elementor-element elementor-element-4572b82 e-flex e-con-boxed e-con e-parent\" data-id=\"4572b82\" data-element_type=\"container\" data-e-type=\"container\" data-settings=\"{&quot;background_background&quot;:&quot;classic&quot;,&quot;ekit_has_onepagescroll_dot&quot;:&quot;yes&quot;}\">\n\t\t\t\t\t<div class=\"e-con-inner\">\n\t\t<div class=\"elementor-element elementor-element-970ae3c e-con-full e-flex e-con e-child\" data-id=\"970ae3c\" data-element_type=\"container\" data-e-type=\"container\" data-settings=\"{&quot;ekit_has_onepagescroll_dot&quot;:&quot;yes&quot;}\">\n\t\t\t\t<div class=\"elementor-element elementor-element-6bcb557 elementor-invisible elementor-widget elementor-widget-heading\" data-id=\"6bcb557\" data-element_type=\"widget\" data-e-type=\"widget\" data-settings=\"{&quot;_animation&quot;:&quot;fadeInUp&quot;,&quot;ekit_we_effect_on&quot;:&quot;none&quot;}\" data-widget_type=\"heading.default\">\n\t\t\t\t<div class=\"elementor-widget-container\">\n\t\t\t\t\t<h2 class=\"elementor-heading-title elementor-size-default\"> Buy Properties Mexico<span><\/span>\n<\/h2>\t\t\t\t<\/div>\n\t\t\t\t<\/div>\n\t\t\t\t<div class=\"elementor-element elementor-element-ecbeea2 elementor-widget-divider--view-line_icon elementor-view-framed elementor-widget-divider--element-align-left elementor-widget elementor-widget-divider\" data-id=\"ecbeea2\" data-element_type=\"widget\" data-e-type=\"widget\" data-settings=\"{&quot;ekit_we_effect_on&quot;:&quot;none&quot;}\" data-widget_type=\"divider.default\">\n\t\t\t\t<div class=\"elementor-widget-container\">\n\t\t\t\t\t\t\t<div class=\"elementor-divider\">\n\t\t\t<div class=\"elementor-divider-separator\">\n\t\t\t\t\t\t\t<div class=\"elementor-icon elementor-divider__element\">\n\t\t\t\t\t<svg aria-hidden=\"true\" class=\"e-font-icon-svg e-fas-square\" viewbox=\"0 0 448 512\" xmlns=\"http:\/\/www.w3.org\/2000\/svg\"><path d=\"M400 32H48C21.5 32 0 53.5 0 80v352c0 26.5 21.5 48 48 48h352c26.5 0 48-21.5 48-48V80c0-26.5-21.5-48-48-48z\"><\/path><\/svg><\/div>\n\t\t\t\t\t\t<\/div>\n\t\t<\/div>\n\t\t\t\t\t\t<\/div>\n\t\t\t\t<\/div>\n\t\t\t\t<div class=\"elementor-element elementor-element-b52a506 elementor-widget elementor-widget-text-editor\" data-id=\"b52a506\" data-element_type=\"widget\" data-e-type=\"widget\" data-settings=\"{&quot;ekit_we_effect_on&quot;:&quot;none&quot;}\" data-widget_type=\"text-editor.default\">\n\t\t\t\t<div class=\"elementor-widget-container\">\n\t\t\t\t\t\t\t\t\t<p><strong>Buy Properties Mexico<\/strong> it was created with the goal of redefining the real estate advisory, putting emphasis on customization, humanity and professionalism. We are dedicated to providing security, legal certainty and peace of mind to our customers, ensuring that every investment is a secure experience and satisfactory.<\/p>\t\t\t\t\t\t\t\t<\/div>\n\t\t\t\t<\/div>\n\t\t<div class=\"elementor-element elementor-element-4fd4a62 e-flex e-con-boxed e-con e-child\" data-id=\"4fd4a62\" data-element_type=\"container\" data-e-type=\"container\" data-settings=\"{&quot;ekit_has_onepagescroll_dot&quot;:&quot;yes&quot;}\">\n\t\t\t\t\t<div class=\"e-con-inner\">\n\t\t\t\t\t<\/div>\n\t\t\t\t<\/div>\n\t\t\t\t<\/div>\n\t\t<div class=\"elementor-element elementor-element-f93c452 e-con-full e-flex e-con e-child\" data-id=\"f93c452\" data-element_type=\"container\" data-e-type=\"container\" data-settings=\"{&quot;ekit_has_onepagescroll_dot&quot;:&quot;yes&quot;}\">\n\t\t\t\t<\/div>\n\t\t\t\t\t<\/div>\n\t\t\t\t<\/div>\n\t\t<div class=\"elementor-element elementor-element-b0cbf5f e-flex e-con-boxed e-con e-parent\" data-id=\"b0cbf5f\" data-element_type=\"container\" data-e-type=\"container\" data-settings=\"{&quot;background_background&quot;:&quot;classic&quot;,&quot;ekit_has_onepagescroll_dot&quot;:&quot;yes&quot;}\">\n\t\t\t\t\t<div class=\"e-con-inner\">\n\t\t<div class=\"elementor-element elementor-element-b114aea e-con-full e-flex e-con e-child\" data-id=\"b114aea\" data-element_type=\"container\" data-e-type=\"container\" data-settings=\"{&quot;ekit_has_onepagescroll_dot&quot;:&quot;yes&quot;}\">\n\t\t\t\t<div class=\"elementor-element elementor-element-ad7f237 elementor-widget elementor-widget-luxus-info-box\" data-id=\"ad7f237\" data-element_type=\"widget\" data-e-type=\"widget\" data-settings=\"{&quot;_animation&quot;:&quot;none&quot;,&quot;ekit_we_effect_on&quot;:&quot;none&quot;}\" data-widget_type=\"luxus-info-box.default\">\n\t\t\t\t<div class=\"elementor-widget-container\">\n\t\t\t\t\t\t\t\t<div class=\"sl-info-box-container\">\n\t\t\t\n<div class=\"sl-info-box info-box-one\"> \n        \n        <div class=\"icon\">\n\n            <i aria-hidden=\"true\" class=\"sl-icons sl-target-arrow\"><\/i>\n        <\/div>\n    \n    <div class=\"content\">\n        <h2 class=\"title\">Vision<\/h2>\n        <p class=\"text\">Our vision is to become the real estate agency leader in Mexico, recognized for our integrity, professionalism and commitment to excellence. We aim to be the first choice for domestic and international investors looking for opportunities in the real estate market mexican, providing a portfolio of select properties that reflect the growth and development of the best regions in the country.<\/p>\n           \n    <\/div>\n<\/div>\t\t\t<\/div>\n    \t\t\t\t\t<\/div>\n\t\t\t\t<\/div>\n\t\t\t\t<\/div>\n\t\t<div class=\"elementor-element elementor-element-c71cabb e-con-full e-flex e-con e-child\" data-id=\"c71cabb\" data-element_type=\"container\" data-e-type=\"container\" data-settings=\"{&quot;background_background&quot;:&quot;classic&quot;,&quot;ekit_has_onepagescroll_dot&quot;:&quot;yes&quot;}\">\n\t\t\t\t<div class=\"elementor-element elementor-element-24b3809 elementor-widget elementor-widget-luxus-info-box\" data-id=\"24b3809\" data-element_type=\"widget\" data-e-type=\"widget\" data-settings=\"{&quot;_animation&quot;:&quot;none&quot;,&quot;ekit_we_effect_on&quot;:&quot;none&quot;}\" data-widget_type=\"luxus-info-box.default\">\n\t\t\t\t<div class=\"elementor-widget-container\">\n\t\t\t\t\t\t\t\t<div class=\"sl-info-box-container\">\n\t\t\t\n<div class=\"sl-info-box info-box-one\"> \n        \n        <div class=\"icon\">\n\n            <i aria-hidden=\"true\" class=\"sl-icons sl-success-star\"><\/i>\n        <\/div>\n    \n    <div class=\"content\">\n        <h2 class=\"title\">Objectives<\/h2>\n        <p class=\"text\">Buy Properties Mexico is focused on ensuring legal transactions safe, secure and expand its presence in key markets such as Cancun, Playa del Carmen and Tulum, and offer exceptional customer service. We are committed to select high-quality property with great investment potential and to build strong relationships and trusted with our clients and partners.<\/p>\n           \n    <\/div>\n<\/div>\t\t\t<\/div>\n    \t\t\t\t\t<\/div>\n\t\t\t\t<\/div>\n\t\t\t\t<\/div>\n\t\t<div class=\"elementor-element elementor-element-ba4442b e-con-full e-flex e-con e-child\" data-id=\"ba4442b\" data-element_type=\"container\" data-e-type=\"container\" data-settings=\"{&quot;ekit_has_onepagescroll_dot&quot;:&quot;yes&quot;}\">\n\t\t\t\t<div class=\"elementor-element elementor-element-e4493ef elementor-widget elementor-widget-luxus-info-box\" data-id=\"e4493ef\" data-element_type=\"widget\" data-e-type=\"widget\" data-settings=\"{&quot;_animation&quot;:&quot;none&quot;,&quot;ekit_we_effect_on&quot;:&quot;none&quot;}\" data-widget_type=\"luxus-info-box.default\">\n\t\t\t\t<div class=\"elementor-widget-container\">\n\t\t\t\t\t\t\t\t<div class=\"sl-info-box-container\">\n\t\t\t\n<div class=\"sl-info-box info-box-one\"> \n        \n        <div class=\"icon\">\n\n            <i aria-hidden=\"true\" class=\"sl-icons sl-love-trust\"><\/i>\n        <\/div>\n    \n    <div class=\"content\">\n        <h2 class=\"title\">Mission<\/h2>\n        <p class=\"text\">Buy Properties Mexico, our mission is to provide real estate advisory customized, reliable and professional, helping our clients to find and invest in properties of high value in Mexico. We are committed to providing exceptional service that ensures the safety and satisfaction of our clients, ensuring that every investment is a successful and positive experience.<\/p>\n           \n    <\/div>\n<\/div>\t\t\t<\/div>\n    \t\t\t\t\t<\/div>\n\t\t\t\t<\/div>\n\t\t\t\t<\/div>\n\t\t\t\t\t<\/div>\n\t\t\t\t<\/div>\n\t\t<div class=\"elementor-element elementor-element-d004f84 e-flex e-con-boxed e-con e-parent\" data-id=\"d004f84\" data-element_type=\"container\" data-e-type=\"container\" data-settings=\"{&quot;background_background&quot;:&quot;classic&quot;,&quot;ekit_has_onepagescroll_dot&quot;:&quot;yes&quot;}\">\n\t\t\t\t\t<div class=\"e-con-inner\">\n\t\t<div class=\"elementor-element elementor-element-142d007 e-con-full e-flex elementor-invisible e-con e-child\" data-id=\"142d007\" data-element_type=\"container\" data-e-type=\"container\" data-settings=\"{&quot;animation&quot;:&quot;fadeInLeft&quot;,&quot;ekit_has_onepagescroll_dot&quot;:&quot;yes&quot;}\">\n\t\t\t\t<div class=\"elementor-element elementor-element-db8c5c3 elementor-widget elementor-widget-heading\" data-id=\"db8c5c3\" data-element_type=\"widget\" data-e-type=\"widget\" data-settings=\"{&quot;ekit_we_effect_on&quot;:&quot;none&quot;}\" data-widget_type=\"heading.default\">\n\t\t\t\t<div class=\"elementor-widget-container\">\n\t\t\t\t\t<h2 class=\"elementor-heading-title elementor-size-default\">Your certified real estate advisor.<\/h2>\t\t\t\t<\/div>\n\t\t\t\t<\/div>\n\t\t\t\t<div class=\"elementor-element elementor-element-5f16f72 elementor-widget-divider--view-line_icon elementor-view-framed elementor-widget-divider--element-align-left elementor-widget elementor-widget-divider\" data-id=\"5f16f72\" data-element_type=\"widget\" data-e-type=\"widget\" data-settings=\"{&quot;ekit_we_effect_on&quot;:&quot;none&quot;}\" data-widget_type=\"divider.default\">\n\t\t\t\t<div class=\"elementor-widget-container\">\n\t\t\t\t\t\t\t<div class=\"elementor-divider\">\n\t\t\t<div class=\"elementor-divider-separator\">\n\t\t\t\t\t\t\t<div class=\"elementor-icon elementor-divider__element\">\n\t\t\t\t\t<svg aria-hidden=\"true\" class=\"e-font-icon-svg e-fas-square\" viewbox=\"0 0 448 512\" xmlns=\"http:\/\/www.w3.org\/2000\/svg\"><path d=\"M400 32H48C21.5 32 0 53.5 0 80v352c0 26.5 21.5 48 48 48h352c26.5 0 48-21.5 48-48V80c0-26.5-21.5-48-48-48z\"><\/path><\/svg><\/div>\n\t\t\t\t\t\t<\/div>\n\t\t<\/div>\n\t\t\t\t\t\t<\/div>\n\t\t\t\t<\/div>\n\t\t\t\t<div class=\"elementor-element elementor-element-8a8aac1 elementor-widget elementor-widget-text-editor\" data-id=\"8a8aac1\" data-element_type=\"widget\" data-e-type=\"widget\" data-settings=\"{&quot;ekit_we_effect_on&quot;:&quot;none&quot;}\" data-widget_type=\"text-editor.default\">\n\t\t\t\t<div class=\"elementor-widget-container\">\n\t\t\t\t\t\t\t\t\t<p>Hi, I&#039;m <strong>Nadia Reza<\/strong>, your certified real estate advisor, since 2018 I have specialized in helping you find the ideal property in paradise.<\/p><p>My priority is to ensure that you are making a safe investment in a market full of attractive options. I understand that buying or investing in real estate is an important decision, and I am here to guide you every step of the way, ensuring that you find the perfect property for you.<\/p>\t\t\t\t\t\t\t\t<\/div>\n\t\t\t\t<\/div>\n\t\t<div class=\"elementor-element elementor-element-299159f e-con-full e-flex e-con e-child\" data-id=\"299159f\" data-element_type=\"container\" data-e-type=\"container\" data-settings=\"{&quot;ekit_has_onepagescroll_dot&quot;:&quot;yes&quot;}\">\n\t\t<div class=\"elementor-element elementor-element-c476bac e-con-full e-flex e-con e-child\" data-id=\"c476bac\" data-element_type=\"container\" data-e-type=\"container\" data-settings=\"{&quot;ekit_has_onepagescroll_dot&quot;:&quot;yes&quot;}\">\n\t\t\t\t<\/div>\n\t\t<div class=\"elementor-element elementor-element-a5c0af8 e-con-full e-flex e-con e-child\" data-id=\"a5c0af8\" data-element_type=\"container\" data-e-type=\"container\" data-settings=\"{&quot;ekit_has_onepagescroll_dot&quot;:&quot;yes&quot;}\">\n\t\t\t\t<\/div>\n\t\t\t\t<\/div>\n\t\t\t\t<\/div>\n\t\t<div class=\"elementor-element elementor-element-a0d0883 e-con-full e-flex elementor-invisible e-con e-child\" data-id=\"a0d0883\" data-element_type=\"container\" data-e-type=\"container\" data-settings=\"{&quot;animation&quot;:&quot;fadeInRight&quot;,&quot;ekit_has_onepagescroll_dot&quot;:&quot;yes&quot;}\">\n\t\t\t\t<div class=\"elementor-element elementor-element-f0ac372 elementor-invisible elementor-widget elementor-widget-image\" data-id=\"f0ac372\" data-element_type=\"widget\" data-e-type=\"widget\" data-settings=\"{&quot;_animation&quot;:&quot;fadeInRight&quot;,&quot;ekit_we_effect_on&quot;:&quot;none&quot;}\" data-widget_type=\"image.default\">\n\t\t\t\t<div class=\"elementor-widget-container\">\n\t\t\t\t\t\t\t\t\t\t\t\t\t\t\t<img fetchpriority=\"high\" decoding=\"async\" width=\"810\" height=\"1080\" src=\"https:\/\/buypropertiesmexico.com\/wp-content\/uploads\/2024\/08\/Agente.jpg\" class=\"attachment-full size-full wp-image-17909\" alt=\"\" srcset=\"https:\/\/buypropertiesmexico.com\/wp-content\/uploads\/2024\/08\/Agente.jpg 810w, https:\/\/buypropertiesmexico.com\/wp-content\/uploads\/2024\/08\/Agente-225x300.jpg 225w, https:\/\/buypropertiesmexico.com\/wp-content\/uploads\/2024\/08\/Agente-768x1024.jpg 768w, https:\/\/buypropertiesmexico.com\/wp-content\/uploads\/2024\/08\/Agente-600x800.jpg 600w\" sizes=\"(max-width: 810px) 100vw, 810px\" \/>\t\t\t\t\t\t\t\t\t\t\t\t\t\t\t<\/div>\n\t\t\t\t<\/div>\n\t\t\t\t<\/div>\n\t\t\t\t\t<\/div>\n\t\t\t\t<\/div>\n\t\t\t\t<\/div>","protected":false},"excerpt":{"rendered":"<p>Buy Properties M\u00e9xico Buy Properties Mexico fue creada con el objetivo de redefinir el asesoramiento inmobiliario, poniendo \u00e9nfasis en la personalizaci\u00f3n, la humanidad y la profesionalidad. Nos dedicamos a proporcionar seguridad, certeza legal y paz mental a nuestros clientes, asegurando que cada inversi\u00f3n sea una experiencia segura y satisfactoria. Visi\u00f3n Nuestra visi\u00f3n es convertirnos en [&hellip;]<\/p>\n","protected":false},"author":1,"featured_media":0,"parent":0,"menu_order":0,"comment_status":"closed","ping_status":"closed","template":"elementor_header_footer","meta":{"content-type":"","footnotes":""},"class_list":["post-15785","page","type-page","status-publish","hentry"],"_links":{"self":[{"href":"https:\/\/buypropertiesmexico.com\/en\/wp-json\/wp\/v2\/pages\/15785","targetHints":{"allow":["GET"]}}],"collection":[{"href":"https:\/\/buypropertiesmexico.com\/en\/wp-json\/wp\/v2\/pages"}],"about":[{"href":"https:\/\/buypropertiesmexico.com\/en\/wp-json\/wp\/v2\/types\/page"}],"author":[{"embeddable":true,"href":"https:\/\/buypropertiesmexico.com\/en\/wp-json\/wp\/v2\/users\/1"}],"replies":[{"embeddable":true,"href":"https:\/\/buypropertiesmexico.com\/en\/wp-json\/wp\/v2\/comments?post=15785"}],"version-history":[{"count":37,"href":"https:\/\/buypropertiesmexico.com\/en\/wp-json\/wp\/v2\/pages\/15785\/revisions"}],"predecessor-version":[{"id":18639,"href":"https:\/\/buypropertiesmexico.com\/en\/wp-json\/wp\/v2\/pages\/15785\/revisions\/18639"}],"wp:attachment":[{"href":"https:\/\/buypropertiesmexico.com\/en\/wp-json\/wp\/v2\/media?parent=15785"}],"curies":[{"name":"wp","href":"https:\/\/api.w.org\/{rel}","templated":true}]}}